{"id":10,"date":"2020-02-24T21:47:55","date_gmt":"2020-02-24T20:47:55","guid":{"rendered":"http:\/\/test.festi-vallee.net\/?page_id=10"},"modified":"2024-06-09T21:15:02","modified_gmt":"2024-06-09T19:15:02","slug":"bureau","status":"publish","type":"page","link":"https:\/\/www.festi-vallee.net\/index.php\/bureau\/","title":{"rendered":"Membres du bureau"},"content":{"rendered":"\n<div class=\"wp-block-columns is-layout-flex wp-container-core-columns-is-layout-9d6595d7 wp-block-columns-is-layout-flex\">\n<div class=\"wp-block-column is-layout-flow wp-block-column-is-layout-flow\">\n<h3 class=\"wp-block-heading\"><strong>Pr\u00e9sident<\/strong> : <\/h3>\n\n\n\n<p>Philippe PANIER<\/p>\n\n\n\n<h3 class=\"wp-block-heading\"><strong>Vice-Pr\u00e9sidents<\/strong> :<\/h3>\n\n\n\n<p>Camille DELOURME<\/p>\n\n\n\n<p>Michel REMY<\/p>\n<\/div>\n\n\n\n<div class=\"wp-block-column is-layout-flow wp-block-column-is-layout-flow\">\n<h3 class=\"wp-block-heading\"><strong>Tr\u00e9sorier<\/strong> : <\/h3>\n\n\n\n<p>Anne-Sophie HEE<\/p>\n\n\n\n<h3 class=\"wp-block-heading\"><strong>Tr\u00e9sorier Adjoint<\/strong> :<\/h3>\n\n\n\n<p>Didier LE COZ<\/p>\n<\/div>\n\n\n\n<div class=\"wp-block-column is-layout-flow wp-block-column-is-layout-flow\">\n<h3 class=\"wp-block-heading\"><strong>Secr\u00e9taire<\/strong> :<\/h3>\n\n\n\n<p>Annick GOURIN<\/p>\n\n\n\n<h4 class=\"wp-block-heading\"><strong>Secr\u00e9taire Adjoint<\/strong> :<\/h4>\n\n\n\n<p>Fran\u00e7ois BOUBET<\/p>\n<\/div>\n<\/div>\n","protected":false},"excerpt":{"rendered":"<p>Pr\u00e9sident : Philippe PANIER Vice-Pr\u00e9sidents : Camille DELOURME Michel REMY Tr\u00e9sorier : Anne-Sophie HEE Tr\u00e9sorier Adjoint : Didier LE COZ Secr\u00e9taire : Annick GOURIN Secr\u00e9taire Adjoint : Fran\u00e7ois BOUBET<\/p>\n","protected":false},"author":1,"featured_media":0,"parent":0,"menu_order":0,"comment_status":"closed","ping_status":"closed","template":"","meta":{"footnotes":""},"class_list":["post-10","page","type-page","status-publish","hentry"],"_links":{"self":[{"href":"https:\/\/www.festi-vallee.net\/index.php\/wp-json\/wp\/v2\/pages\/10","targetHints":{"allow":["GET"]}}],"collection":[{"href":"https:\/\/www.festi-vallee.net\/index.php\/wp-json\/wp\/v2\/pages"}],"about":[{"href":"https:\/\/www.festi-vallee.net\/index.php\/wp-json\/wp\/v2\/types\/page"}],"author":[{"embeddable":true,"href":"https:\/\/www.festi-vallee.net\/index.php\/wp-json\/wp\/v2\/users\/1"}],"replies":[{"embeddable":true,"href":"https:\/\/www.festi-vallee.net\/index.php\/wp-json\/wp\/v2\/comments?post=10"}],"version-history":[{"count":6,"href":"https:\/\/www.festi-vallee.net\/index.php\/wp-json\/wp\/v2\/pages\/10\/revisions"}],"predecessor-version":[{"id":357,"href":"https:\/\/www.festi-vallee.net\/index.php\/wp-json\/wp\/v2\/pages\/10\/revisions\/357"}],"wp:attachment":[{"href":"https:\/\/www.festi-vallee.net\/index.php\/wp-json\/wp\/v2\/media?parent=10"}],"curies":[{"name":"wp","href":"https:\/\/api.w.org\/{rel}","templated":true}]}}