{"id":46,"date":"2020-02-24T22:30:38","date_gmt":"2020-02-24T21:30:38","guid":{"rendered":"http:\/\/test.festi-vallee.net\/?page_id=46"},"modified":"2020-02-24T22:30:38","modified_gmt":"2020-02-24T21:30:38","slug":"mentions-legales","status":"publish","type":"page","link":"https:\/\/www.festi-vallee.net\/index.php\/mentions-legales\/","title":{"rendered":"Mentions l\u00e9gales"},"content":{"rendered":"\n<h3 class=\"wp-block-heading\">Informations l\u00e9gales<\/h3>\n\n\n\n<p>\nConform\u00e9ment aux dispositions des articles 6-III et 19 de\nla loi pour la Confiance dans l\u2019\u00c9conomie Num\u00e9rique, nous vous informons que : <\/p>\n\n\n\n<p>\nCe site est h\u00e9berg\u00e9 par OVH\n<br>\n<br>\nLe pr\u00e9sent site web est \u00e9dit\u00e9 par : FESTI-VALLEE<br>\nContacts : T\u00e9l. 0686330436\n<br>\n<br>\nLe directeur de la publication du site web festi-vallee.net\u00bb est Philippe Panier, pr\u00e9sident de l\u2019association\n<br>\n<br>\nConception graphique : Aur\u00e9lien Cedeyn\n<br>\nAdaptations techniques : Aur\u00e9lien Cedeyn\n<br>\n<\/p>\n\n\n\n<p>\nLimitation de responsabilit\u00e9 L\u2019utilisateur reconna\u00eet avoir pris connaissance\ndes pr\u00e9sentes conditions d\u2019utilisation et s\u2019engage \u00e0 les respecter.\nL\u2019utilisateur du site festi-vallee.net reconna\u00eet disposer de la comp\u00e9tence et\ndes moyens n\u00e9cessaires pour acc\u00e9der et utiliser ce site.\n<\/p>\n\n\n\n<p>\nL\u2019utilisateur du site Internet\u00abfesti-vallee.net\u00bb reconna\u00eet avoir v\u00e9rifi\u00e9 que la\nconfiguration informatique utilis\u00e9e ne contient aucun virus et qu\u2019elle est en\nparfait \u00e9tat de fonctionnement. Festivallee met tout en \u0153uvre pour offrir aux\nutilisateurs des informations et\/ou des outils disponibles et v\u00e9rifi\u00e9s mais ne\nsaurait \u00eatre tenue pour responsable des erreurs, d\u2019une absence de disponibilit\u00e9\ndes fonctionnalit\u00e9s et\/ou de la pr\u00e9sence de virus sur son site.\n\nMalgr\u00e9 les mises \u00e0 jour du contenu du site, festivallee ne peut \u00eatre tenue pour\nresponsable de la modification des dispositions administratives et juridiques\nsurvenant apr\u00e8s la publication.Festivallee ne saurait garantir l\u2019exactitude, la\ncompl\u00e9tude, l\u2019actualit\u00e9 des informations diffus\u00e9es sur son site.\n<\/p>\n\n\n\n<p>\nEn cons\u00e9quence, l\u2019utilisateur reconna\u00eet utiliser ces informations sous sa\nresponsabilit\u00e9 exclusive.\n<\/p>\n\n\n\n<h4 class=\"wp-block-heading\">Informatique et Libert\u00e9s<\/h4>\n\n\n\n<p>\nLes traitements automatis\u00e9s\nde donn\u00e9es nominatives r\u00e9alis\u00e9s \u00e0 partir du site web \u00abfesti-vallee.net \u00bb ont\n\u00e9t\u00e9 faits en conformit\u00e9 avec les exigences de la loi n\u00b078-17 du 6 janvier 1978\nmodifi\u00e9e, relative \u00e0 l\u2019informatique, aux fichiers et aux libert\u00e9s.\n<\/p>\n\n\n\n<p>\nL\u2019utilisateur est notamment inform\u00e9 que conform\u00e9ment \u00e0 l\u2019article 32 de la loi\nn\u00b078-17 du 6 janvier 1978 modifi\u00e9e, relative \u00e0 l\u2019informatique, aux fichiers et\naux libert\u00e9s, les informations qu\u2019il communique par le biais des formulaires\npr\u00e9sents sur le site sont n\u00e9cessaires pour r\u00e9pondre \u00e0 sa demande et sont\ndestin\u00e9es \u00e0 festivallee, en tant que responsable du traitement, \u00e0 des fins de\ngestion administrative et commerciale.<\/p>\n\n\n\n<p>L\u2019utilisateur est inform\u00e9 qu\u2019il dispose\nd\u2019un droit d\u2019acc\u00e8s, d\u2019interrogation et de rectification qui lui permet, le cas\n\u00e9ch\u00e9ant, de faire rectifier, compl\u00e9ter, mettre \u00e0 jour, verrouiller ou effacer\nles donn\u00e9es personnelles le concernant qui sont inexactes, incompl\u00e8tes,\n\u00e9quivoques, p\u00e9rim\u00e9es ou dont la collecte, l\u2019utilisation, la communication ou la\nconservation est interdite.<\/p>\n\n\n\n<p> L\u2019utilisateur dispose \u00e9galement d\u2019un droit\nd\u2019opposition au traitement de ses donn\u00e9es pour des motifs l\u00e9gitimes ainsi qu\u2019un\ndroit d\u2019opposition \u00e0 ce que ses donn\u00e9es soient utilis\u00e9es \u00e0 des fins de\nprospection commerciale.<br>\nL\u2019ensemble de ces droits s\u2019exerce aupr\u00e8s de festivallee\npar courrier accompagn\u00e9 d\u2019une copie d\u2019un titre d\u2019identit\u00e9 comportant une\nsignature \u00e0 adresser \u00e0 : <br>\nfestivallee<br>\n4 chemin des sources <br>\n91580 Souzy la Briche<br>\n<\/p>\n\n\n\n<h4 class=\"wp-block-heading\">FranceCookies<\/h4>\n\n\n\n<p>\nL\u2019utilisateur est inform\u00e9 que lors de ses visites sur le site, un\ncookie peut s\u2019installer automatiquement sur son logiciel de navigation.<br>\nLe cookie est un bloc de donn\u00e9es qui ne permet pas d\u2019identifier les utilisateurs\nmais sert \u00e0 enregistrer des informations relatives \u00e0 la navigation de celui-ci\nsur le site.<br>\nLe param\u00e9trage du logiciel de navigation permet d\u2019informer de la\npr\u00e9sence de cookie et \u00e9ventuellement, de la refuser de la mani\u00e8re d\u00e9crite \u00e0\nl\u2019adresse suivante : <a href=\"http:\/\/localhost\/static\/www\/www.cnil.fr\">www.cnil.fr<\/a>.\n<\/p>\n\n\n\n<p>\nL\u2019utilisateur dispose de l\u2019ensemble des\ndroits susvis\u00e9s s\u2019agissant des donn\u00e9es \u00e0 caract\u00e8re personnel communiqu\u00e9es par\nle biais des cookies dans les conditions indiqu\u00e9esci-dessus.Les utilisateurs du\nsite internet \u00abfesti-vallee.net\u00bb sont tenus de respecter les dispositions de la\nloi n\u00b078-17 du 6 janvier 1978 modifi\u00e9e, relative \u00e0 l\u2019informatique, aux fichiers\net aux libert\u00e9s, dont la violation est passible de Sanctions p\u00e9nales. <br>\nIls doivent notamment s\u2019abstenir, s\u2019agissant des informations \u00e0 caract\u00e8re personnel\nauxquelles ils acc\u00e8dent ou pourraient acc\u00e9der, de toute collecte, de toute\nutilisation d\u00e9tourn\u00e9e d\u2019une mani\u00e8re g\u00e9n\u00e9rale, de tout acte susceptible de\nporter atteinte \u00e0 la vie priv\u00e9e ou \u00e0 la r\u00e9putation des personnes.<br>\n<\/p>\n\n\n\n<h4 class=\"wp-block-heading\">Propri\u00e9t\u00e9 intellectuelle <\/h4>\n\n\n\n<p>\nLa structure g\u00e9n\u00e9rale et le contenu composant le site\nfesti-vallee.net sont la propri\u00e9t\u00e9 exclusive de festivallee. <br>\nToute repr\u00e9sentation totale ou partielle, modification, r\u00e9utilisation, retransmission\ndes textes, images et documents techniques du pr\u00e9sent site, par quelque\npersonne que ce soit, sans l\u2019autorisation expressede festivallee est interdite\net constituerait une contrefa\u00e7on sanctionn\u00e9e par les articles L. 335-2 et\nsuivants du Code de la propri\u00e9t\u00e9 intellectuelle.<br>\nIl en est de m\u00eame des bases de donn\u00e9es figurant, le cas \u00e9ch\u00e9ant sur le site web qui sont prot\u00e9g\u00e9es par les\ndispositions de la loi du 1er juillet 1998 portant transposition dans le Code\nde la propri\u00e9t\u00e9 intellectuelle de la directive du 11 mars 1996 relative \u00e0 la\nprotection juridique des bases de donn\u00e9es, et dont festivallee est\nproducteur.<br>\nL\u2019existence d\u2019un lien entre le site festi-vallee.net et un site\ntiers ne signifie en aucun cas que festivallee cautionne le contenu de ce site\net a fortiori l\u2019usage qui pourrait en \u00eatre fait ; ne pourrait en particulier\n\u00eatre tenu pour responsable d\u2019une \u00e9ventuelle attaque de virus ou autre parasite\ninformatique transitant par ces sites tiers.<br>\nEn aucun cas festivallee ne sera tenue pour responsable des dommages directs,\nindirects ou sp\u00e9ciaux r\u00e9sultant de l\u2019usage du pr\u00e9sent site \u00ab festivallee \u00bb\net\/ou de l\u2019interpr\u00e9tation de sescontenus. Notamment, festivallee ne pourra \u00eatre\ntenue pour responsable de toute perte d\u2019exploitation, commerciale, financi\u00e8re\nou de toute perte de programmes ou de donn\u00e9es dans les syst\u00e8mes informatiques\ndes visiteurs du site festi-vallee.net\u00bb. Tout litige en relation avec\nl\u2019utilisation du site festi-vallee.net\u00bb est soumis au droit fran\u00e7ais.\n<\/p>\n","protected":false},"excerpt":{"rendered":"<p>Informations l\u00e9gales Conform\u00e9ment aux dispositions des articles 6-III et 19 de la loi pour la Confiance dans l\u2019\u00c9conomie Num\u00e9rique, nous vous informons que : Ce site est h\u00e9berg\u00e9 par OVH Le pr\u00e9sent site web est \u00e9dit\u00e9 par : FESTI-VALLEE Contacts : T\u00e9l. 0686330436 Le directeur de la publication du site web festi-vallee.net\u00bb est Philippe Panier, &hellip; <\/p>\n<p class=\"link-more\"><a href=\"https:\/\/www.festi-vallee.net\/index.php\/mentions-legales\/\" class=\"more-link\">Continuer la lecture<span class=\"screen-reader-text\"> de &laquo;&nbsp;Mentions l\u00e9gales&nbsp;&raquo;<\/span><\/a><\/p>\n","protected":false},"author":1,"featured_media":0,"parent":0,"menu_order":0,"comment_status":"closed","ping_status":"closed","template":"","meta":{"footnotes":""},"class_list":["post-46","page","type-page","status-publish","hentry"],"_links":{"self":[{"href":"https:\/\/www.festi-vallee.net\/index.php\/wp-json\/wp\/v2\/pages\/46","targetHints":{"allow":["GET"]}}],"collection":[{"href":"https:\/\/www.festi-vallee.net\/index.php\/wp-json\/wp\/v2\/pages"}],"about":[{"href":"https:\/\/www.festi-vallee.net\/index.php\/wp-json\/wp\/v2\/types\/page"}],"author":[{"embeddable":true,"href":"https:\/\/www.festi-vallee.net\/index.php\/wp-json\/wp\/v2\/users\/1"}],"replies":[{"embeddable":true,"href":"https:\/\/www.festi-vallee.net\/index.php\/wp-json\/wp\/v2\/comments?post=46"}],"version-history":[{"count":1,"href":"https:\/\/www.festi-vallee.net\/index.php\/wp-json\/wp\/v2\/pages\/46\/revisions"}],"predecessor-version":[{"id":48,"href":"https:\/\/www.festi-vallee.net\/index.php\/wp-json\/wp\/v2\/pages\/46\/revisions\/48"}],"wp:attachment":[{"href":"https:\/\/www.festi-vallee.net\/index.php\/wp-json\/wp\/v2\/media?parent=46"}],"curies":[{"name":"wp","href":"https:\/\/api.w.org\/{rel}","templated":true}]}}