{"id":8,"date":"2020-02-24T21:47:55","date_gmt":"2020-02-24T20:47:55","guid":{"rendered":"http:\/\/test.festi-vallee.net\/?page_id=8"},"modified":"2025-01-26T17:32:20","modified_gmt":"2025-01-26T16:32:20","slug":"accueil-2","status":"publish","type":"page","link":"https:\/\/www.festi-vallee.net\/index.php\/accueil-2\/","title":{"rendered":"L&rsquo;association"},"content":{"rendered":"\n<p>         Cr\u00e9\u00e9e en 1999, <strong>Festi&rsquo;Vall\u00e9e<\/strong> a pour but \u00e0 travers tous les moyens autoris\u00e9s par         la loi, de permettre aux habitants de la vall\u00e9e de la Renarde de r\u00e9aliser leurs         projets culturels, artistiques et festifs.<\/p>\n\n\n\n<p>         Situ\u00e9e au c\u0153ur de l\u2019Hurepoix, dans l\u2019Essonne, la vall\u00e9e de la Renarde rassemble         quelques villages :<br>         Villeconin, Souzy-la-Briche, St-Sulpice de Favi\u00e8res, Saint Yon et Breux-jouy ;         auxquels on peut associer les villes et villages avoisinants tels que         St-Ch\u00e9ron, Etr\u00e9chy, Boissy le sec et Mauchamps.<br><br>         Nos manifestations pourront ainsi se d\u00e9placer d\u2019ann\u00e9e en ann\u00e9e, de village en         village.<\/p>\n\n\n\n<div data-wp-interactive=\"core\/file\" class=\"wp-block-file\"><object data-wp-bind--hidden=\"!state.hasPdfPreview\" hidden class=\"wp-block-file__embed\" data=\"https:\/\/www.festi-vallee.net\/wp-content\/uploads\/2025\/01\/Bulletin-adhesion-2025.pdf\" type=\"application\/pdf\" style=\"width:100%;height:600px\" aria-label=\"Contenu embarqu\u00e9 Bulletin-adh\u00e9sion-2025.\"><\/object><a id=\"wp-block-file--media-37c79a9a-ceb7-400d-a906-ffbed2aaafaf\" href=\"https:\/\/www.festi-vallee.net\/wp-content\/uploads\/2025\/01\/Bulletin-adhesion-2025.pdf\">Bulletin-adh\u00e9sion-2025<\/a><a href=\"https:\/\/www.festi-vallee.net\/wp-content\/uploads\/2025\/01\/Bulletin-adhesion-2025.pdf\" class=\"wp-block-file__button wp-element-button\" download aria-describedby=\"wp-block-file--media-37c79a9a-ceb7-400d-a906-ffbed2aaafaf\">T\u00e9l\u00e9charger<\/a><\/div>\n\n\n\n<div class=\"wp-block-file\"><a id=\"wp-block-file--media-591d8cf2-1917-4475-ab9e-f46c36ac5e28\" href=\"https:\/\/www.festi-vallee.net\/wp-content\/uploads\/2024\/06\/CR-AG-du-3-fevrier-2024-signe-1.pdf\">COMPTE RENDU AG 3-02-2024<\/a><a href=\"https:\/\/www.festi-vallee.net\/wp-content\/uploads\/2024\/06\/CR-AG-du-3-fevrier-2024-signe-1.pdf\" class=\"wp-block-file__button wp-element-button\" download aria-describedby=\"wp-block-file--media-591d8cf2-1917-4475-ab9e-f46c36ac5e28\">T\u00e9l\u00e9charger<\/a><\/div>\n\n\n\n<p class=\"has-black-color has-text-color has-link-color wp-elements-9ac00cf961d1ea846fe5a532228b76c6\"><\/p>\n","protected":false},"excerpt":{"rendered":"<p>Cr\u00e9\u00e9e en 1999, Festi&rsquo;Vall\u00e9e a pour but \u00e0 travers tous les moyens autoris\u00e9s par la loi, de permettre aux habitants de la vall\u00e9e de la Renarde de r\u00e9aliser leurs projets culturels, artistiques et festifs. Situ\u00e9e au c\u0153ur de l\u2019Hurepoix, dans l\u2019Essonne, la vall\u00e9e de la Renarde rassemble quelques villages : Villeconin, Souzy-la-Briche, St-Sulpice de Favi\u00e8res, &hellip; <\/p>\n<p class=\"link-more\"><a href=\"https:\/\/www.festi-vallee.net\/index.php\/accueil-2\/\" class=\"more-link\">Continuer la lecture<span class=\"screen-reader-text\"> de &laquo;&nbsp;L&rsquo;association&nbsp;&raquo;<\/span><\/a><\/p>\n","protected":false},"author":1,"featured_media":0,"parent":0,"menu_order":0,"comment_status":"closed","ping_status":"closed","template":"","meta":{"footnotes":""},"class_list":["post-8","page","type-page","status-publish","hentry"],"_links":{"self":[{"href":"https:\/\/www.festi-vallee.net\/index.php\/wp-json\/wp\/v2\/pages\/8","targetHints":{"allow":["GET"]}}],"collection":[{"href":"https:\/\/www.festi-vallee.net\/index.php\/wp-json\/wp\/v2\/pages"}],"about":[{"href":"https:\/\/www.festi-vallee.net\/index.php\/wp-json\/wp\/v2\/types\/page"}],"author":[{"embeddable":true,"href":"https:\/\/www.festi-vallee.net\/index.php\/wp-json\/wp\/v2\/users\/1"}],"replies":[{"embeddable":true,"href":"https:\/\/www.festi-vallee.net\/index.php\/wp-json\/wp\/v2\/comments?post=8"}],"version-history":[{"count":19,"href":"https:\/\/www.festi-vallee.net\/index.php\/wp-json\/wp\/v2\/pages\/8\/revisions"}],"predecessor-version":[{"id":365,"href":"https:\/\/www.festi-vallee.net\/index.php\/wp-json\/wp\/v2\/pages\/8\/revisions\/365"}],"wp:attachment":[{"href":"https:\/\/www.festi-vallee.net\/index.php\/wp-json\/wp\/v2\/media?parent=8"}],"curies":[{"name":"wp","href":"https:\/\/api.w.org\/{rel}","templated":true}]}}