{"id":99,"date":"2020-02-25T22:56:21","date_gmt":"2020-02-25T21:56:21","guid":{"rendered":"http:\/\/test.festi-vallee.net\/?page_id=99"},"modified":"2020-02-25T22:56:21","modified_gmt":"2020-02-25T21:56:21","slug":"videos","status":"publish","type":"page","link":"https:\/\/www.festi-vallee.net\/index.php\/videos\/","title":{"rendered":"Vid\u00e9os"},"content":{"rendered":"\n<div class=\"wp-block-columns is-layout-flex wp-container-core-columns-is-layout-9d6595d7 wp-block-columns-is-layout-flex\">\n<div class=\"wp-block-column is-layout-flow wp-block-column-is-layout-flow\">\n<p>Vid\u00e9os 2019<\/p>\n\n\n\n<figure><iframe loading=\"lazy\" src=\"https:\/\/www.youtube.com\/embed\/videoseries?list=PLFLPeHiWNGacWpUZZoNU1mjEZwe_wJdv7\" allowfullscreen=\"allowfullscreen\" width=\"560\" height=\"315\"><\/iframe><\/figure>\n\n\n\n<p>Vid\u00e9os 2017<\/p>\n\n\n\n<figure><iframe loading=\"lazy\" src=\"https:\/\/www.youtube.com\/embed\/videoseries?list=PLFLPeHiWNGafg_0T4AyFJoPDFHT2Na6bZ\" allowfullscreen=\"allowfullscreen\" width=\"560\" height=\"315\"><\/iframe><\/figure>\n\n\n\n<p>Anciennes vid\u00e9os<\/p>\n\n\n\n<figure><iframe loading=\"lazy\" src=\"https:\/\/www.youtube.com\/embed\/videoseries?list=PLFLPeHiWNGackAZKDM0F-geTST-rjTF0e\" allowfullscreen=\"allowfullscreen\" width=\"560\" height=\"315\"><\/iframe><\/figure>\n<\/div>\n\n\n\n<div class=\"wp-block-column is-layout-flow wp-block-column-is-layout-flow\">\n<p>Vid\u00e9os 2018<\/p>\n\n\n\n<figure><iframe loading=\"lazy\" src=\"https:\/\/www.youtube.com\/embed\/H9uxdi4H7zY\" allowfullscreen=\"allowfullscreen\" width=\"560\" height=\"315\"><\/iframe><\/figure>\n\n\n\n<p>Vid\u00e9os 2016<\/p>\n\n\n\n<figure><iframe loading=\"lazy\" src=\"https:\/\/www.youtube.com\/embed\/videoseries?list=PLFLPeHiWNGafGGclh1Y5aRWvaC9PknS1_\" allowfullscreen=\"allowfullscreen\" width=\"560\" height=\"315\"><\/iframe><\/figure>\n<\/div>\n<\/div>\n","protected":false},"excerpt":{"rendered":"<p>Vid\u00e9os 2019 Vid\u00e9os 2017 Anciennes vid\u00e9os Vid\u00e9os 2018 Vid\u00e9os 2016<\/p>\n","protected":false},"author":1,"featured_media":0,"parent":0,"menu_order":0,"comment_status":"closed","ping_status":"closed","template":"","meta":{"footnotes":""},"class_list":["post-99","page","type-page","status-publish","hentry"],"_links":{"self":[{"href":"https:\/\/www.festi-vallee.net\/index.php\/wp-json\/wp\/v2\/pages\/99","targetHints":{"allow":["GET"]}}],"collection":[{"href":"https:\/\/www.festi-vallee.net\/index.php\/wp-json\/wp\/v2\/pages"}],"about":[{"href":"https:\/\/www.festi-vallee.net\/index.php\/wp-json\/wp\/v2\/types\/page"}],"author":[{"embeddable":true,"href":"https:\/\/www.festi-vallee.net\/index.php\/wp-json\/wp\/v2\/users\/1"}],"replies":[{"embeddable":true,"href":"https:\/\/www.festi-vallee.net\/index.php\/wp-json\/wp\/v2\/comments?post=99"}],"version-history":[{"count":5,"href":"https:\/\/www.festi-vallee.net\/index.php\/wp-json\/wp\/v2\/pages\/99\/revisions"}],"predecessor-version":[{"id":104,"href":"https:\/\/www.festi-vallee.net\/index.php\/wp-json\/wp\/v2\/pages\/99\/revisions\/104"}],"wp:attachment":[{"href":"https:\/\/www.festi-vallee.net\/index.php\/wp-json\/wp\/v2\/media?parent=99"}],"curies":[{"name":"wp","href":"https:\/\/api.w.org\/{rel}","templated":true}]}}